{"id":185,"date":"2023-08-28T02:35:12","date_gmt":"2023-08-28T00:35:12","guid":{"rendered":"https:\/\/victimofthegroove.com\/?page_id=185"},"modified":"2024-04-04T10:30:06","modified_gmt":"2024-04-04T08:30:06","slug":"enzo","status":"publish","type":"page","link":"https:\/\/victimofthegroove.com\/index.php\/enzo\/","title":{"rendered":"Enzo"},"content":{"rendered":"\n<figure class=\"wp-block-image size-large\"><img loading=\"lazy\" decoding=\"async\" width=\"1024\" height=\"681\" src=\"https:\/\/victimofthegroove.com\/wp-content\/uploads\/2023\/08\/DSC_0602-1024x681.jpg\" alt=\"\" class=\"wp-image-201\" srcset=\"https:\/\/victimofthegroove.com\/wp-content\/uploads\/2023\/08\/DSC_0602-1024x681.jpg 1024w, https:\/\/victimofthegroove.com\/wp-content\/uploads\/2023\/08\/DSC_0602-300x199.jpg 300w, https:\/\/victimofthegroove.com\/wp-content\/uploads\/2023\/08\/DSC_0602-768x511.jpg 768w, https:\/\/victimofthegroove.com\/wp-content\/uploads\/2023\/08\/DSC_0602-1536x1021.jpg 1536w, https:\/\/victimofthegroove.com\/wp-content\/uploads\/2023\/08\/DSC_0602-2048x1362.jpg 2048w\" sizes=\"auto, (max-width: 1024px) 100vw, 1024px\" \/><\/figure>\n\n\n\n<p>A l\u2019\u00e2ge de neuf ans, Enzo commence le saxophone gr\u00e2ce \u00e0 la production d&#8217;une com\u00e9die musicale organis\u00e9e dans son \u00e9cole primaire. Ce n\u2019est qu\u2019\u00e0 l&#8217;\u00e2ge de quinze ans qu&#8217;Enzo d\u00e9bute la batterie. Il fait ses premi\u00e8res exp\u00e9riences en groupe dans des formations pop\/rock. Quelques ann\u00e9es plus tard, il continue son apprentissage au conservatoire d\u00e9partemental de Saint-Omer et obtient en parall\u00e8le le CAPES d\u2019\u00e9ducation musicale et chant choral. <\/p>\n\n\n\n<p>En 2019, l&#8217;id\u00e9e d&#8217;un groupe m\u00ealant groove et improvisation germe dans son esprit, mais l&#8217;\u00e9tat du monde rend la r\u00e9alisation impossible. Il contact Emilie et un autre bassiste pour commencer la formation en trio, qui prend forme difficilement. Il rencontrera Thibaut et Z\u00e9lie lors d&#8217;une audition en 2021 et ils accept\u00e8rent de se lancer avec. Il contact Paul, rencontr\u00e9 dans un pr\u00e9c\u00e9dent projet pour compl\u00e9ter la formation.<\/p>\n\n\n\n<p>En 2022, il forme \u201cVICTIM OF THE GROOVE\u201d , groupe aux influences Soul, rock et Funk. <\/p>\n\n\n\n<p>Il est responsable de la direction artistique du groupe, s&#8217;occupe de l&#8217;administratif en plus de son poste de batteur. <\/p>\n","protected":false},"excerpt":{"rendered":"<p>A l\u2019\u00e2ge de neuf ans, Enzo commence le saxophone gr\u00e2ce \u00e0 la production d&#8217;une com\u00e9die musicale organis\u00e9e dans son \u00e9cole primaire. Ce<\/p>\n<p class=\"link-more\"><a class=\"myButt \" href=\"https:\/\/victimofthegroove.com\/index.php\/enzo\/\">EN SAVOIR PLUS<\/a><\/p>\n","protected":false},"author":2,"featured_media":0,"parent":0,"menu_order":0,"comment_status":"closed","ping_status":"closed","template":"","meta":{"footnotes":""},"class_list":["post-185","page","type-page","status-publish","hentry"],"_links":{"self":[{"href":"https:\/\/victimofthegroove.com\/index.php\/wp-json\/wp\/v2\/pages\/185","targetHints":{"allow":["GET"]}}],"collection":[{"href":"https:\/\/victimofthegroove.com\/index.php\/wp-json\/wp\/v2\/pages"}],"about":[{"href":"https:\/\/victimofthegroove.com\/index.php\/wp-json\/wp\/v2\/types\/page"}],"author":[{"embeddable":true,"href":"https:\/\/victimofthegroove.com\/index.php\/wp-json\/wp\/v2\/users\/2"}],"replies":[{"embeddable":true,"href":"https:\/\/victimofthegroove.com\/index.php\/wp-json\/wp\/v2\/comments?post=185"}],"version-history":[{"count":6,"href":"https:\/\/victimofthegroove.com\/index.php\/wp-json\/wp\/v2\/pages\/185\/revisions"}],"predecessor-version":[{"id":272,"href":"https:\/\/victimofthegroove.com\/index.php\/wp-json\/wp\/v2\/pages\/185\/revisions\/272"}],"wp:attachment":[{"href":"https:\/\/victimofthegroove.com\/index.php\/wp-json\/wp\/v2\/media?parent=185"}],"curies":[{"name":"wp","href":"https:\/\/api.w.org\/{rel}","templated":true}]}}