{"id":186,"date":"2023-08-28T02:35:12","date_gmt":"2023-08-28T00:35:12","guid":{"rendered":"https:\/\/victimofthegroove.com\/?page_id=186"},"modified":"2024-09-12T23:10:09","modified_gmt":"2024-09-12T21:10:09","slug":"emilie","status":"publish","type":"page","link":"https:\/\/victimofthegroove.com\/index.php\/emilie\/","title":{"rendered":"Emilie"},"content":{"rendered":"\n<figure class=\"wp-block-image size-large\"><img loading=\"lazy\" decoding=\"async\" width=\"1024\" height=\"683\" src=\"https:\/\/victimofthegroove.com\/wp-content\/uploads\/2024\/09\/IMG_2094-1024x683.jpg\" alt=\"\" class=\"wp-image-290\" srcset=\"https:\/\/victimofthegroove.com\/wp-content\/uploads\/2024\/09\/IMG_2094-1024x683.jpg 1024w, https:\/\/victimofthegroove.com\/wp-content\/uploads\/2024\/09\/IMG_2094-300x200.jpg 300w, https:\/\/victimofthegroove.com\/wp-content\/uploads\/2024\/09\/IMG_2094-768x512.jpg 768w, https:\/\/victimofthegroove.com\/wp-content\/uploads\/2024\/09\/IMG_2094-1536x1024.jpg 1536w, https:\/\/victimofthegroove.com\/wp-content\/uploads\/2024\/09\/IMG_2094-2048x1365.jpg 2048w\" sizes=\"auto, (max-width: 1024px) 100vw, 1024px\" \/><\/figure>\n\n\n\n<p>Est pianiste, chanteuse, professeure de piano et de chant, cheffe de choeur pour chorale d&#8217;enfants et d&#8217;adultes et professeure d&#8217;\u00e9ducation musicale. En parall\u00e8le de ses \u00e9tudes universitaires, elle fait un cursus professionnel au conservatoire de Lille : le CEPI avec sp\u00e9cialit\u00e9 piano. Elle suit dans ce cursus des cours d&#8217;\u00e9criture, de culture et commentaire d&#8217;\u00e9coute, de direction de choeur, de d\u00e9chiffrage, de formation musicale, de musique de chambre, des stages, des conf\u00e9rences&#8230; Elle obtient le D.N.O.P piano en 2020, ce qui lui permet d&#8217;enseigner par la suite \u00e0 l&#8217;\u00e9cole de musique pays d&#8217;Opale. Elle rejoint &#8220;VICTIM OF THE GROOVE&#8221; \u00e0 sa cr\u00e9ation d\u00e9but 2022.<\/p>\n","protected":false},"excerpt":{"rendered":"<p>Est pianiste, chanteuse, professeure de piano et de chant, cheffe de choeur pour chorale d&#8217;enfants et d&#8217;adultes et professeure d&#8217;\u00e9ducation musicale. En<\/p>\n<p class=\"link-more\"><a class=\"myButt \" href=\"https:\/\/victimofthegroove.com\/index.php\/emilie\/\">EN SAVOIR PLUS<\/a><\/p>\n","protected":false},"author":2,"featured_media":0,"parent":0,"menu_order":0,"comment_status":"closed","ping_status":"closed","template":"","meta":{"footnotes":""},"class_list":["post-186","page","type-page","status-publish","hentry"],"_links":{"self":[{"href":"https:\/\/victimofthegroove.com\/index.php\/wp-json\/wp\/v2\/pages\/186","targetHints":{"allow":["GET"]}}],"collection":[{"href":"https:\/\/victimofthegroove.com\/index.php\/wp-json\/wp\/v2\/pages"}],"about":[{"href":"https:\/\/victimofthegroove.com\/index.php\/wp-json\/wp\/v2\/types\/page"}],"author":[{"embeddable":true,"href":"https:\/\/victimofthegroove.com\/index.php\/wp-json\/wp\/v2\/users\/2"}],"replies":[{"embeddable":true,"href":"https:\/\/victimofthegroove.com\/index.php\/wp-json\/wp\/v2\/comments?post=186"}],"version-history":[{"count":5,"href":"https:\/\/victimofthegroove.com\/index.php\/wp-json\/wp\/v2\/pages\/186\/revisions"}],"predecessor-version":[{"id":291,"href":"https:\/\/victimofthegroove.com\/index.php\/wp-json\/wp\/v2\/pages\/186\/revisions\/291"}],"wp:attachment":[{"href":"https:\/\/victimofthegroove.com\/index.php\/wp-json\/wp\/v2\/media?parent=186"}],"curies":[{"name":"wp","href":"https:\/\/api.w.org\/{rel}","templated":true}]}}