{"id":187,"date":"2023-08-28T02:35:12","date_gmt":"2023-08-28T00:35:12","guid":{"rendered":"https:\/\/victimofthegroove.com\/?page_id=187"},"modified":"2024-10-11T11:30:07","modified_gmt":"2024-10-11T09:30:07","slug":"zelie","status":"publish","type":"page","link":"https:\/\/victimofthegroove.com\/index.php\/zelie\/","title":{"rendered":"Z\u00e9lie"},"content":{"rendered":"\n<figure class=\"wp-block-gallery has-nested-images columns-default is-cropped wp-block-gallery-1 is-layout-flex wp-block-gallery-is-layout-flex\">\n<figure class=\"wp-block-image size-large is-style-default\"><img loading=\"lazy\" decoding=\"async\" width=\"1024\" height=\"681\" data-id=\"324\" src=\"https:\/\/victimofthegroove.com\/wp-content\/uploads\/2024\/10\/DSC_0618-1024x681.jpg\" alt=\"\" class=\"wp-image-324\" srcset=\"https:\/\/victimofthegroove.com\/wp-content\/uploads\/2024\/10\/DSC_0618-1024x681.jpg 1024w, https:\/\/victimofthegroove.com\/wp-content\/uploads\/2024\/10\/DSC_0618-300x199.jpg 300w, https:\/\/victimofthegroove.com\/wp-content\/uploads\/2024\/10\/DSC_0618-768x511.jpg 768w, https:\/\/victimofthegroove.com\/wp-content\/uploads\/2024\/10\/DSC_0618-1536x1021.jpg 1536w, https:\/\/victimofthegroove.com\/wp-content\/uploads\/2024\/10\/DSC_0618-2048x1362.jpg 2048w\" sizes=\"auto, (max-width: 1024px) 100vw, 1024px\" \/><\/figure>\n<\/figure>\n\n\n\n<p>Guitariste depuis ses dix ans, Z\u00e9lie d\u00e9couvre l\u2019instrument gr\u00e2ce \u00e0 son p\u00e8re, lui aussi guitariste. Elle entre dans un groupe de musique tr\u00e8s rapidement avec des \u00e9l\u00e8ves de son \u00e9cole puis d\u00e9cide de prendre des cours au conservatoire de Saint-Omer. Au sein du conservatoire, elle \u00e9tudie plus en profondeur la guitare, le jeu en groupe et la formation musicale. Cet enseignement lui a permis de faire ses d\u00e9buts sur sc\u00e8ne et lui a donn\u00e9 l\u2019opportunit\u00e9 d\u2019enregistrer en studio. C\u2019est gr\u00e2ce \u00e0 ces exp\u00e9riences qu\u2019elle a d\u00e9cid\u00e9 de se professionnaliser dans la musique \u00e0 quinze ans. En arrivant au lyc\u00e9e, Z\u00e9lie a eu l\u2019occasion d\u2019entrer dans diff\u00e9rents groupes de musique dont \u00ab Victim Of the Groove \u00bb ! Aujourd\u2019hui elle continue ses \u00e9tudes musicales qui lui permettront de r\u00e9aliser son r\u00eave : Vivre de la sc\u00e8ne.<\/p>\n","protected":false},"excerpt":{"rendered":"<p>Guitariste depuis ses dix ans, Z\u00e9lie d\u00e9couvre l\u2019instrument gr\u00e2ce \u00e0 son p\u00e8re, lui aussi guitariste. Elle entre dans un groupe de musique<\/p>\n<p class=\"link-more\"><a class=\"myButt \" href=\"https:\/\/victimofthegroove.com\/index.php\/zelie\/\">EN SAVOIR PLUS<\/a><\/p>\n","protected":false},"author":2,"featured_media":0,"parent":0,"menu_order":0,"comment_status":"closed","ping_status":"closed","template":"","meta":{"footnotes":""},"class_list":["post-187","page","type-page","status-publish","hentry"],"_links":{"self":[{"href":"https:\/\/victimofthegroove.com\/index.php\/wp-json\/wp\/v2\/pages\/187","targetHints":{"allow":["GET"]}}],"collection":[{"href":"https:\/\/victimofthegroove.com\/index.php\/wp-json\/wp\/v2\/pages"}],"about":[{"href":"https:\/\/victimofthegroove.com\/index.php\/wp-json\/wp\/v2\/types\/page"}],"author":[{"embeddable":true,"href":"https:\/\/victimofthegroove.com\/index.php\/wp-json\/wp\/v2\/users\/2"}],"replies":[{"embeddable":true,"href":"https:\/\/victimofthegroove.com\/index.php\/wp-json\/wp\/v2\/comments?post=187"}],"version-history":[{"count":4,"href":"https:\/\/victimofthegroove.com\/index.php\/wp-json\/wp\/v2\/pages\/187\/revisions"}],"predecessor-version":[{"id":325,"href":"https:\/\/victimofthegroove.com\/index.php\/wp-json\/wp\/v2\/pages\/187\/revisions\/325"}],"wp:attachment":[{"href":"https:\/\/victimofthegroove.com\/index.php\/wp-json\/wp\/v2\/media?parent=187"}],"curies":[{"name":"wp","href":"https:\/\/api.w.org\/{rel}","templated":true}]}}