{"id":188,"date":"2023-08-28T02:35:12","date_gmt":"2023-08-28T00:35:12","guid":{"rendered":"https:\/\/victimofthegroove.com\/?page_id=188"},"modified":"2024-10-11T11:16:33","modified_gmt":"2024-10-11T09:16:33","slug":"thibaut","status":"publish","type":"page","link":"https:\/\/victimofthegroove.com\/index.php\/thibaut\/","title":{"rendered":"Thibaut"},"content":{"rendered":"\n<figure class=\"wp-block-image size-large\"><img loading=\"lazy\" decoding=\"async\" width=\"1024\" height=\"576\" src=\"https:\/\/victimofthegroove.com\/wp-content\/uploads\/2024\/09\/VictimOfTheGroove_2022-3-1024x576.jpg\" alt=\"\" class=\"wp-image-295\" srcset=\"https:\/\/victimofthegroove.com\/wp-content\/uploads\/2024\/09\/VictimOfTheGroove_2022-3-1024x576.jpg 1024w, https:\/\/victimofthegroove.com\/wp-content\/uploads\/2024\/09\/VictimOfTheGroove_2022-3-300x169.jpg 300w, https:\/\/victimofthegroove.com\/wp-content\/uploads\/2024\/09\/VictimOfTheGroove_2022-3-768x432.jpg 768w, https:\/\/victimofthegroove.com\/wp-content\/uploads\/2024\/09\/VictimOfTheGroove_2022-3-1536x864.jpg 1536w, https:\/\/victimofthegroove.com\/wp-content\/uploads\/2024\/09\/VictimOfTheGroove_2022-3-2048x1152.jpg 2048w\" sizes=\"auto, (max-width: 1024px) 100vw, 1024px\" \/><\/figure>\n\n\n\n<p>Thibaut commence la guitare \u00e0 onze ans au conservatoire de Saint-Omer dans lequel il d\u00e9veloppe son jeu, ses connaissances musicales et son exp\u00e9rience de jeu en groupe. L&#8217;envie de se professionnaliser dans la musique lui vient tr\u00e8s t\u00f4t et en entrant au lyc\u00e9e, il forme un groupe de rock avec Z\u00e9lie, ce qui fut une bonne exp\u00e9rience. Aujourd&#8217;hui, il fait partie de &#8220;Victim Of The Groove&#8221; et continue ses \u00e9tudes musicales afin d&#8217;atteindre son but.  <\/p>\n\n\n\n<br>\n\n\n\n<br>\n\n\n\n<br>\n","protected":false},"excerpt":{"rendered":"<p>Thibaut commence la guitare \u00e0 onze ans au conservatoire de Saint-Omer dans lequel il d\u00e9veloppe son jeu, ses connaissances musicales et son<\/p>\n<p class=\"link-more\"><a class=\"myButt \" href=\"https:\/\/victimofthegroove.com\/index.php\/thibaut\/\">EN SAVOIR PLUS<\/a><\/p>\n","protected":false},"author":2,"featured_media":0,"parent":0,"menu_order":0,"comment_status":"closed","ping_status":"closed","template":"","meta":{"footnotes":""},"class_list":["post-188","page","type-page","status-publish","hentry"],"_links":{"self":[{"href":"https:\/\/victimofthegroove.com\/index.php\/wp-json\/wp\/v2\/pages\/188","targetHints":{"allow":["GET"]}}],"collection":[{"href":"https:\/\/victimofthegroove.com\/index.php\/wp-json\/wp\/v2\/pages"}],"about":[{"href":"https:\/\/victimofthegroove.com\/index.php\/wp-json\/wp\/v2\/types\/page"}],"author":[{"embeddable":true,"href":"https:\/\/victimofthegroove.com\/index.php\/wp-json\/wp\/v2\/users\/2"}],"replies":[{"embeddable":true,"href":"https:\/\/victimofthegroove.com\/index.php\/wp-json\/wp\/v2\/comments?post=188"}],"version-history":[{"count":6,"href":"https:\/\/victimofthegroove.com\/index.php\/wp-json\/wp\/v2\/pages\/188\/revisions"}],"predecessor-version":[{"id":323,"href":"https:\/\/victimofthegroove.com\/index.php\/wp-json\/wp\/v2\/pages\/188\/revisions\/323"}],"wp:attachment":[{"href":"https:\/\/victimofthegroove.com\/index.php\/wp-json\/wp\/v2\/media?parent=188"}],"curies":[{"name":"wp","href":"https:\/\/api.w.org\/{rel}","templated":true}]}}