{"id":189,"date":"2023-08-28T02:35:12","date_gmt":"2023-08-28T00:35:12","guid":{"rendered":"https:\/\/victimofthegroove.com\/?page_id=189"},"modified":"2025-11-16T20:41:54","modified_gmt":"2025-11-16T19:41:54","slug":"paul","status":"publish","type":"page","link":"https:\/\/victimofthegroove.com\/index.php\/paul\/","title":{"rendered":"Suzanne"},"content":{"rendered":"\n<figure class=\"wp-block-image size-large\"><img loading=\"lazy\" decoding=\"async\" width=\"1024\" height=\"683\" src=\"https:\/\/victimofthegroove.com\/wp-content\/uploads\/2025\/11\/IMG_5366-1024x683.jpg\" alt=\"\" class=\"wp-image-539\" srcset=\"https:\/\/victimofthegroove.com\/wp-content\/uploads\/2025\/11\/IMG_5366-1024x683.jpg 1024w, https:\/\/victimofthegroove.com\/wp-content\/uploads\/2025\/11\/IMG_5366-300x200.jpg 300w, https:\/\/victimofthegroove.com\/wp-content\/uploads\/2025\/11\/IMG_5366-768x512.jpg 768w, https:\/\/victimofthegroove.com\/wp-content\/uploads\/2025\/11\/IMG_5366-1536x1024.jpg 1536w, https:\/\/victimofthegroove.com\/wp-content\/uploads\/2025\/11\/IMG_5366-2048x1365.jpg 2048w\" sizes=\"auto, (max-width: 1024px) 100vw, 1024px\" \/><\/figure>\n\n\n\n<p>Suzanne d\u00e9bute la musique \u00e0 8 ans, en \u00e9cole classique. \u00c0 15 ans, elle d\u00e9couvre la basse dans une association de musiques actuelles, o\u00f9 elle apprend \u00e0 jouer en groupe et d\u00e9cide de devenir musicienne. Dans cette id\u00e9e, elle int\u00e8gre le conservatoire de Saint-Omer en Musiques Actuelles-Jazz.<\/p>\n\n\n\n<p>Elle fait ses premiers pas sur sc\u00e8ne en 2023, et rejoint Victim Of The Groove en 2025.<\/p>\n\n\n\n<p>Aujourd\u2019hui, elle poursuit ses \u00e9tudes \u00e0 l\u2019Ecole Sup\u00e9rieure de Musique et de Danse de Lille<\/p>\n","protected":false},"excerpt":{"rendered":"<p>Suzanne d\u00e9bute la musique \u00e0 8 ans, en \u00e9cole classique. \u00c0 15 ans, elle d\u00e9couvre la basse dans une association de musiques<\/p>\n<p class=\"link-more\"><a class=\"myButt \" href=\"https:\/\/victimofthegroove.com\/index.php\/paul\/\">EN SAVOIR PLUS<\/a><\/p>\n","protected":false},"author":2,"featured_media":0,"parent":0,"menu_order":0,"comment_status":"closed","ping_status":"closed","template":"","meta":{"footnotes":""},"class_list":["post-189","page","type-page","status-publish","hentry"],"_links":{"self":[{"href":"https:\/\/victimofthegroove.com\/index.php\/wp-json\/wp\/v2\/pages\/189","targetHints":{"allow":["GET"]}}],"collection":[{"href":"https:\/\/victimofthegroove.com\/index.php\/wp-json\/wp\/v2\/pages"}],"about":[{"href":"https:\/\/victimofthegroove.com\/index.php\/wp-json\/wp\/v2\/types\/page"}],"author":[{"embeddable":true,"href":"https:\/\/victimofthegroove.com\/index.php\/wp-json\/wp\/v2\/users\/2"}],"replies":[{"embeddable":true,"href":"https:\/\/victimofthegroove.com\/index.php\/wp-json\/wp\/v2\/comments?post=189"}],"version-history":[{"count":5,"href":"https:\/\/victimofthegroove.com\/index.php\/wp-json\/wp\/v2\/pages\/189\/revisions"}],"predecessor-version":[{"id":540,"href":"https:\/\/victimofthegroove.com\/index.php\/wp-json\/wp\/v2\/pages\/189\/revisions\/540"}],"wp:attachment":[{"href":"https:\/\/victimofthegroove.com\/index.php\/wp-json\/wp\/v2\/media?parent=189"}],"curies":[{"name":"wp","href":"https:\/\/api.w.org\/{rel}","templated":true}]}}