{"id":97,"date":"2023-08-28T00:44:51","date_gmt":"2023-08-27T22:44:51","guid":{"rendered":"https:\/\/victimofthegroove.com\/?page_id=97"},"modified":"2026-02-01T20:36:41","modified_gmt":"2026-02-01T19:36:41","slug":"dates","status":"publish","type":"page","link":"https:\/\/victimofthegroove.com\/index.php\/dates\/","title":{"rendered":"DATES"},"content":{"rendered":"\n<div class=\"wp-block-group\"><div class=\"wp-block-group__inner-container is-layout-constrained wp-block-group-is-layout-constrained\"><\/div><\/div>\n\n\n\n<p>LES DATES A VENIR <\/p>\n\n\n\n<p>29 aout 2026 &#8211; F\u00eate Estivale, Quend plage<\/p>\n\n\n\n<p>21 juin 2026 &#8211; F\u00eate de la musique, Boulogne sur mer<\/p>\n\n\n\n<p>24 mai 2026 &#8211; Hungry Colors, Saint Omer<\/p>\n\n\n\n<p>20 mars 2026 &#8211; L&#8217;\u00e9toile, Mouvaux<\/p>\n\n\n\n<p>22 janvier 2026 &#8211; Billy Bob, Disneyland Paris<\/p>\n\n\n\n<br>\n\n\n\n<p><strong>LES DATES DE 202<\/strong>5<\/p>\n\n\n\n<p>11 novembre &#8211; La Kabane, Boulogne sur mer<\/p>\n\n\n\n<p>09 novembre &#8211; Salle des f\u00eates, Saint Martin les Tatinghems<\/p>\n\n\n\n<p>01 novembre &#8211; Intramurock Festival, Boulogne sur mer<\/p>\n\n\n\n<p>27 septembre 2025 &#8211; Salle des f\u00eates, Tatinghems<\/p>\n\n\n\n<p>13 septembre 2025 &#8211; F\u00eate de la bi\u00e8re, Saint-Omer<\/p>\n\n\n\n<p>6 septembre 2025 &#8211; Festival, Dunkerque<\/p>\n\n\n\n<p>30 aout 2025 &#8211; Skatepark, Calais<\/p>\n\n\n\n<p>23 aout 2025 &#8211; Priv\u00e9, Br\u00eames les Ardres<\/p>\n\n\n\n<p>27 juillet 2025 &#8211; La Kabane, Boulogne sur mer<\/p>\n\n\n\n<p>28 juin 2025 &#8211; \u00c9t\u00e9 en f\u00eate FESTIVAL, Longuenesse<\/p>\n\n\n\n<p>13 juin 2025 &#8211; Minoterie, Guines<\/p>\n\n\n\n<p>8 juin 2025 &#8211; TIHS, Ardres<\/p>\n\n\n\n<p>27 juillet 2025 &#8211; La Kabane, Boulogne sur mer<\/p>\n\n\n\n<p>11 mai 2025 &#8211; F\u00eate du printemps, Saint-Omer<\/p>\n\n\n\n<p>4 avril 2025 &#8211; Zicomac (Moulin \u00e0 caf\u00e9) Saint-Omer<\/p>\n\n\n\n<p>16 mars 2025 &#8211; La Kabane, Boulogne sur mer<\/p>\n\n\n\n<br>\n\n\n\n<p><strong>LES DATES DE 2024<\/strong><\/p>\n\n\n\n<p>3 octobre 2024 Carr\u00e9 Sam &#8211; SOULD OUT<\/p>\n\n\n\n<p>18 ao\u00fbt 2024 Camping la garenne Rang du Fliers&nbsp;<\/p>\n\n\n\n<p>16 ao\u00fbt 2024 Dragon de Calais<\/p>\n\n\n\n<p>15 ao\u00fbt 2024&nbsp;Les argousier, Oye-plage<\/p>\n\n\n\n<p>11 ao\u00fbt 2024&nbsp;La cour St Fr\u00e8re, Dunkerque<\/p>\n\n\n\n<p>11 juillet 2024 Camping jardin de la mer Merlimont<\/p>\n\n\n\n<p>02 juin 2024 La Kabane, Boulogne &nbsp;<\/p>\n\n\n\n<p>19 mai 2024 Ardres, TIHS<\/p>\n\n\n\n<p>19 mai 2024 Air sur la Lys&nbsp;&#8211; CAPSO<\/p>\n\n\n\n<p>12 mai 2024 Boulogne &#8211; Festival la gain\u00e9e<\/p>\n\n\n\n<p>30 Mars 2024 Longuesse, IUT COTE D&#8217;OPALE<\/p>\n\n\n\n<p>5 mai 2024 Ardres &#8211; Saxhorn<\/p>\n\n\n\n<br>\n\n\n\n<div class=\"wp-block-group\"><div class=\"wp-block-group__inner-container is-layout-constrained wp-block-group-is-layout-constrained\">\n<p><strong>LES DATES DE 2023 <\/strong><\/p>\n\n\n\n<p>17 d\u00e9cembre La Kabane Boulogne&nbsp;<\/p>\n\n\n\n<p>14 septembre Hardelot Harleydays&nbsp;<\/p>\n\n\n\n<p>2 septembre 2023 bar la kabane \u00e0 boulogne&nbsp;<\/p>\n\n\n\n<p>1 er septembre 2023 bar&nbsp; la chapelle Boulogne&nbsp;<\/p>\n\n\n\n<p>26 ao\u00fbt 20h \u2013 21h30 Mayock Crotoy&nbsp;<\/p>\n\n\n\n<p>25 ao\u00fbt 18h-20h Ruines de l&#8217;Abbaye Saint Bertin \u00e0 saint omer&nbsp;<\/p>\n\n\n\n<p>15 octobre La Chapelle Boulogne&nbsp;<\/p>\n\n\n\n<p>12 ao\u00fbt 2023 concert au mayocq crotoy&nbsp;<\/p>\n\n\n\n<p>6 ao\u00fbt 2023 pop rock&nbsp;<\/p>\n\n\n\n<p>6 ao\u00fbt 2023 loon plage 15h&nbsp;<\/p>\n\n\n\n<p>16 juillet 2023 au bouillon boulogne &nbsp;<\/p>\n\n\n\n<p>14 juillet 2023 Flechin<\/p>\n\n\n\n<p>2 juillet 2023 Loon plage<\/p>\n\n\n\n<p>23 juin 2023 Andres salle de sport&nbsp;<\/p>\n\n\n\n<p>21 juin 2023 Pop rock bar calais&nbsp;<\/p>\n\n\n\n<p>18 juin 2023 17h la kabane boulogne&nbsp;<\/p>\n\n\n\n<p>27 mai 2023 &#8211; Tournoi de basket, Ardres&nbsp;<\/p>\n\n\n\n<p>29 avril 2023 saxhorn ardres&nbsp;<\/p>\n\n\n\n<p>28 avril 2023 licques au chaudron licquois<\/p>\n\n\n\n<p>22 avril 2023 concert au mayocq crotoy&nbsp;<\/p>\n\n\n\n<p>17 f\u00e9vrier 2023 poprock bar calais&nbsp;<\/p>\n\n\n\n<p>27 janvier 2023 Saint-Omer \/ Sceneo<\/p>\n<\/div><\/div>\n\n\n\n<br>\n\n\n\n<br>\n\n\n\n<p><strong>LES DATES DE 2022<\/strong><\/p>\n\n\n\n<p>14 octobre 2022 Calais \/ Poprock bar<\/p>\n\n\n\n<p>1 octobre 2022 Bonningues-les-Ardres&nbsp;<\/p>\n\n\n\n<p>17 septembre 2022 Boulogne \/ Le bouillon&nbsp;<\/p>\n\n\n\n<p>27 ao\u00fbt 2022 Crotoy \/ Le Mayocq&nbsp;<\/p>\n\n\n\n<p>26 ao\u00fbt 2023 Calais&nbsp; \/ Pop-rock bar<\/p>\n\n\n\n<p>22 juin 2022 Calais \/ Le Minck \/ FDLM<\/p>\n\n\n\n<p>20 ao\u00fbt 2022 Boulogne \/ Espadon club<\/p>\n\n\n\n<p>18 juin 2022 Landas&nbsp;<\/p>\n\n\n\n<p>17 juin 2022 Autingues \/ FDLM&nbsp;<\/p>\n\n\n\n<p>12 juin 2022 Boulogne \/ Le bouillon&nbsp;<\/p>\n\n\n\n<p>5 juin 2022&nbsp;: Ardres \/ TIHS&nbsp;<\/p>\n\n\n\n<p>17 avril&nbsp; 2022 &#8211; Nordausques \/ Caritatif&nbsp;<\/p>\n\n\n\n<br>\n","protected":false},"excerpt":{"rendered":"<p>LES DATES A VENIR 29 aout 2026 &#8211; F\u00eate Estivale, Quend plage 21 juin 2026 &#8211; F\u00eate de la musique, Boulogne sur<\/p>\n<p class=\"link-more\"><a class=\"myButt \" href=\"https:\/\/victimofthegroove.com\/index.php\/dates\/\">EN SAVOIR PLUS<\/a><\/p>\n","protected":false},"author":1,"featured_media":0,"parent":0,"menu_order":0,"comment_status":"closed","ping_status":"closed","template":"","meta":{"footnotes":""},"class_list":["post-97","page","type-page","status-publish","hentry"],"_links":{"self":[{"href":"https:\/\/victimofthegroove.com\/index.php\/wp-json\/wp\/v2\/pages\/97","targetHints":{"allow":["GET"]}}],"collection":[{"href":"https:\/\/victimofthegroove.com\/index.php\/wp-json\/wp\/v2\/pages"}],"about":[{"href":"https:\/\/victimofthegroove.com\/index.php\/wp-json\/wp\/v2\/types\/page"}],"author":[{"embeddable":true,"href":"https:\/\/victimofthegroove.com\/index.php\/wp-json\/wp\/v2\/users\/1"}],"replies":[{"embeddable":true,"href":"https:\/\/victimofthegroove.com\/index.php\/wp-json\/wp\/v2\/comments?post=97"}],"version-history":[{"count":9,"href":"https:\/\/victimofthegroove.com\/index.php\/wp-json\/wp\/v2\/pages\/97\/revisions"}],"predecessor-version":[{"id":548,"href":"https:\/\/victimofthegroove.com\/index.php\/wp-json\/wp\/v2\/pages\/97\/revisions\/548"}],"wp:attachment":[{"href":"https:\/\/victimofthegroove.com\/index.php\/wp-json\/wp\/v2\/media?parent=97"}],"curies":[{"name":"wp","href":"https:\/\/api.w.org\/{rel}","templated":true}]}}